{"id":1427,"date":"2023-01-02T10:40:13","date_gmt":"2023-01-02T09:40:13","guid":{"rendered":"https:\/\/www.invictus-selection.com\/incentive\/?page_id=1427"},"modified":"2023-06-06T15:12:19","modified_gmt":"2023-06-06T13:12:19","slug":"mentions-legales","status":"publish","type":"page","link":"https:\/\/www.invictus-selection.com\/incentive\/mentions-legales\/","title":{"rendered":"Mentions l\u00e9gales"},"content":{"rendered":"<p>[et_pb_section fb_built=\u00a0\u00bb1&Prime; _builder_version=\u00a0\u00bb4.18.0&Prime; _module_preset=\u00a0\u00bbdefault\u00a0\u00bb global_colors_info=\u00a0\u00bb{}\u00a0\u00bb][et_pb_row _builder_version=\u00a0\u00bb4.18.0&Prime; _module_preset=\u00a0\u00bbdefault\u00a0\u00bb global_colors_info=\u00a0\u00bb{}\u00a0\u00bb][et_pb_column type=\u00a0\u00bb4_4&Prime; _builder_version=\u00a0\u00bb4.18.0&Prime; _module_preset=\u00a0\u00bbdefault\u00a0\u00bb global_colors_info=\u00a0\u00bb{}\u00a0\u00bb][et_pb_text _builder_version=\u00a0\u00bb4.18.0&Prime; _module_preset=\u00a0\u00bbdefault\u00a0\u00bb hover_enabled=\u00a0\u00bb0&Prime; global_colors_info=\u00a0\u00bb{}\u00a0\u00bb sticky_enabled=\u00a0\u00bb0&Prime;]<\/p>\n<h3><strong>Cr\u00e9dits<\/strong><\/h3>\n<p>EQUIPE EN CHARGE DU SITE INTERNET<br \/>Directeur de Invictus Corporate : M. Thierry H\u00e9raut<\/p>\n<p>CREDITS PHOTOS &amp; SOURCES<br \/>Cr\u00e9dits Photos : Invictus Corporate \/ Pixabay<\/p>\n<p>R\u00e9alisation du site :<br \/><a href=\"http:\/\/www.fgconsultingweb.com\/\">FG CONSULTING, Solutions Web.<\/a><\/p>\n<h3><strong>Mentions l\u00e9gales<\/strong><\/h3>\n<p><strong>Editeur<\/strong> <strong>:<\/strong> Le site web www.invictus-selection.com est \u00e9dit\u00e9 par Invictus Corporate dont le si\u00e8ge social est au 226 boulevard Voltaire, 75011 Paris.<\/p>\n<p>Immatriculation au registre des op\u00e9rateurs de voyages et de s\u00e9jours : IM075120387 \u2013 Garantie financi\u00e8re APST<\/p>\n<p><strong>H\u00e9bergeur<\/strong> <strong>:<\/strong>\u00a0Le Site est h\u00e9berg\u00e9 chez OVH dont le si\u00e8ge social est au 2 rue Kellermann 59100 ROUBAIX<\/p>\n<p>Ce site n\u2019est pas un site de vente. Les informations contenues dans ce site sont diffus\u00e9es \u00e0 titre purement informatif et ne constituent aucunement des offres commerciales de produits ou de services.<\/p>\n<p>Invictus Corporate s\u2019efforce d\u2019assurer au mieux de ses possibilit\u00e9s, l\u2019exactitude et la mise \u00e0 jour des informations diffus\u00e9es sur ce site, dont elle se r\u00e9serve le droit de corriger, \u00e0 tout moment et sans pr\u00e9avis, le contenu. Toutefois, Invictus Corporate ne peut garantir l\u2019exactitude, la pr\u00e9cision ou l\u2019exhaustivit\u00e9 des informations mises \u00e0 la disposition sur ce site.<\/p>\n<p>En cons\u00e9quence,\u00a0Invictus Corporate d\u00e9cline toute responsabilit\u00e9 : pour toute interruption du Site ; pour survenance de bogues ; pour tous dommages r\u00e9sultant d\u2019une intru sion frauduleuse d\u2019un tiers ayant entra\u00een\u00e9 une modification des informations mises \u00e0 la disposition sur le site ; et plus g\u00e9n\u00e9ralement pour tous dommages, direct ou indirect, qu\u2019elles qu\u2019en soient les causes, origines, natures ou cons\u00e9quences, provoqu\u00e9s \u00e0 raison de l\u2019acc\u00e8s de quiconque au site ou de l\u2019impossibilit\u00e9 d\u2019y acc\u00e9der, de m\u00eame que l\u2019utilisation du site et\/ou du cr\u00e9dit accord\u00e9 \u00e0 une quelconque information provenant directement ou indirectement de ce dernier.<br \/>En particulier, Invictus Corporate n\u2019assume aucune responsabilit\u00e9 pour les dommages qui pourraient \u00eatre caus\u00e9s au mat\u00e9riel informatique de l\u2019internaute suite \u00e0 son acc\u00e8s au pr\u00e9sent site, utilisation ou t\u00e9l\u00e9chargement d\u2019un quelconque de ses \u00e9l\u00e9ments (donn\u00e9es, textes, images, vid\u00e9os ou sons. etc ..).<\/p>\n<p><strong>Protection des donn\u00e9es personnelles :<\/strong><br \/>Invictus Corporate s\u2019engage \u00e0 pr\u00e9server la confidentialit\u00e9 des informations \u00e9ventuellement fournies en ligne par l\u2019internaute. Toute information personnelle que l\u2019internaute serait amen\u00e9 \u00e0 transmettre \u00e0 Invictus Corporate pour l\u2019utilisation de certains services est soumise aux dispositions de la Loi n\u00b0 78-17 Informatique et Libert\u00e9s du 6 janvier 1978. A ce titre, l\u2019internaute dispose d\u2019un droit d\u2019acc\u00e8s, d\u2019opposition, de rectification et de suppression des informations personnelles le concernant qu\u2019il peut exercer \u00e0 tout moment en adressant un courrier \u00e0 l\u2019adresse suivante : Invictus Corporate, 45 Rue d\u2019Hauteville, 75010 Paris.<\/p>\n<p><strong>Liens hypertexte :<\/strong><br \/>Le site peut inclure des liens vers d\u2019autres sites web ou d\u2019autres sources de l\u2019Internet. Dans la mesure o\u00f9 le ne peut contr\u00f4ler ces sites et ces sources externes, Invictus Corporate ne peut \u00eatre tenu pour responsable de la mise \u00e0 disposition de ces sites et sources externes, et ne peut supporter aucune responsabilit\u00e9 quant au contenu, publicit\u00e9s, produits, services ou tout autre mat\u00e9riel disponible sur ou \u00e0 partir de ces sites ou sources externes.<\/p>\n<p>De plus, Invictus Corporate ne pourra \u00eatre tenu responsable de tous dommages ou pertes av\u00e9r\u00e9s ou all\u00e9gu\u00e9s cons\u00e9cutifs ou en relation avec l\u2019acc\u00e8s, l\u2019utilisation ou avec le fait d\u2019avoir fait confiance au contenu, \u00e0 des biens ou des services disponibles sur ces sites ou sources externes.<\/p>\n<p>Enfin, Invictus Corporate rappelle que toute cr\u00e9ation de lien hypertexte vers la page d\u2019accueil du pr\u00e9sent site ou toute autre page du site est soumis \u00e0 l\u2019accord expr\u00e8s, pr\u00e9alable et \u00e9crit de Invictus Corporate.<\/p>\n<p>Droit de propri\u00e9t\u00e9 de Invictus Corporate :<br \/>Le site ainsi que tout logiciel utilis\u00e9 n\u00e9cessairement en relation avec celui-ci peuvent contenir des informations confidentielles et prot\u00e9g\u00e9es par le droit de propri\u00e9t\u00e9 intellectuelle en vigueur ou toute autre loi. Ainsi, sauf mention contraire, les droits de propri\u00e9t\u00e9 intellectuelle sur les documents contenus dans le Site et chacun des \u00e9l\u00e9ments cr\u00e9\u00e9s pour ce Site sont la propri\u00e9t\u00e9 exclusive de Invictus Corporate, celle-ci ne conc\u00e9dant aucune licence, ni aucun autre droit que celui de consulter le site.<br \/>La reproduction de tous documents publi\u00e9s sur le site est seulement autoris\u00e9e aux fins exclusives d\u2019information pour un usage personnel et priv\u00e9, toute reproduction et toute utilisation de copies r\u00e9alis\u00e9es \u00e0 d\u2019autres fins \u00e9tant express\u00e9ment interdites. Il est \u00e9galement interdit de copier, modifier, cr\u00e9er une ouvre d\u00e9riv\u00e9e, inverser la conception ou l\u2019assemblage ou de toute autre mani\u00e8re tenter de trouver le code source (\u00e0 l\u2019exception des cas pr\u00e9vus par la loi), vendre, attribuer, sous-licencier ou transf\u00e9rer de quelque mani\u00e8re que se soit tout droit aff\u00e9rent aux logiciels.<\/p>\n<p><strong>Loi applicable \u2013 Juridiction :\u00a0<\/strong><br \/>Le pr\u00e9sent site et ses conditions d\u2019acc\u00e8s et d\u2019utilisation sont r\u00e9gis par la Loi fran\u00e7aise.<\/p>\n<p>[\/et_pb_text][\/et_pb_column][\/et_pb_row][\/et_pb_section]<\/p>\n","protected":false},"excerpt":{"rendered":"<p>Cr\u00e9dits EQUIPE EN CHARGE DU SITE INTERNETDirecteur de Invictus Corporate : M. Thierry H\u00e9raut CREDITS PHOTOS &amp; SOURCESCr\u00e9dits Photos : Invictus Corporate \/ Pixabay R\u00e9alisation du site :FG CONSULTING, Solutions Web. Mentions l\u00e9gales Editeur : Le site web www.invictus-selection.com est \u00e9dit\u00e9 par Invictus Corporate dont le si\u00e8ge social est au 226 boulevard Voltaire, 75011 Paris. [&hellip;]<\/p>\n","protected":false},"author":2,"featured_media":0,"parent":0,"menu_order":0,"comment_status":"closed","ping_status":"closed","template":"","meta":{"_et_pb_use_builder":"on","_et_pb_old_content":"","_et_gb_content_width":"","footnotes":""},"class_list":["post-1427","page","type-page","status-publish","hentry"],"yoast_head":"<!-- This site is optimized with the Yoast SEO plugin v27.3 - https:\/\/yoast.com\/product\/yoast-seo-wordpress\/ -->\n<title>Mentions l\u00e9gales - Invictus S\u00e9lection<\/title>\n<meta name=\"robots\" content=\"index, follow, max-snippet:-1, max-image-preview:large, max-video-preview:-1\" \/>\n<link rel=\"canonical\" href=\"https:\/\/www.invictus-selection.com\/incentive\/mentions-legales\/\" \/>\n<meta property=\"og:locale\" content=\"fr_FR\" \/>\n<meta property=\"og:type\" content=\"article\" \/>\n<meta property=\"og:title\" content=\"Mentions l\u00e9gales - Invictus S\u00e9lection\" \/>\n<meta property=\"og:description\" content=\"Cr\u00e9dits EQUIPE EN CHARGE DU SITE INTERNETDirecteur de Invictus Corporate : M. Thierry H\u00e9raut CREDITS PHOTOS &amp; SOURCESCr\u00e9dits Photos : Invictus Corporate \/ Pixabay R\u00e9alisation du site :FG CONSULTING, Solutions Web. Mentions l\u00e9gales Editeur : Le site web www.invictus-selection.com est \u00e9dit\u00e9 par Invictus Corporate dont le si\u00e8ge social est au 226 boulevard Voltaire, 75011 Paris. [&hellip;]\" \/>\n<meta property=\"og:url\" content=\"https:\/\/www.invictus-selection.com\/incentive\/mentions-legales\/\" \/>\n<meta property=\"og:site_name\" content=\"Invictus S\u00e9lection\" \/>\n<meta property=\"article:publisher\" content=\"https:\/\/www.facebook.com\/invictuscorporate\/\" \/>\n<meta property=\"article:modified_time\" content=\"2023-06-06T13:12:19+00:00\" \/>\n<meta name=\"twitter:card\" content=\"summary_large_image\" \/>\n<meta name=\"twitter:label1\" content=\"Dur\u00e9e de lecture estim\u00e9e\" \/>\n\t<meta name=\"twitter:data1\" content=\"5 minutes\" \/>\n<script type=\"application\/ld+json\" class=\"yoast-schema-graph\">{\"@context\":\"https:\\\/\\\/schema.org\",\"@graph\":[{\"@type\":\"WebPage\",\"@id\":\"https:\\\/\\\/www.invictus-selection.com\\\/incentive\\\/mentions-legales\\\/\",\"url\":\"https:\\\/\\\/www.invictus-selection.com\\\/incentive\\\/mentions-legales\\\/\",\"name\":\"Mentions l\u00e9gales - Invictus S\u00e9lection\",\"isPartOf\":{\"@id\":\"https:\\\/\\\/www.invictus-selection.com\\\/incentive\\\/#website\"},\"datePublished\":\"2023-01-02T09:40:13+00:00\",\"dateModified\":\"2023-06-06T13:12:19+00:00\",\"breadcrumb\":{\"@id\":\"https:\\\/\\\/www.invictus-selection.com\\\/incentive\\\/mentions-legales\\\/#breadcrumb\"},\"inLanguage\":\"fr-FR\",\"potentialAction\":[{\"@type\":\"ReadAction\",\"target\":[\"https:\\\/\\\/www.invictus-selection.com\\\/incentive\\\/mentions-legales\\\/\"]}]},{\"@type\":\"BreadcrumbList\",\"@id\":\"https:\\\/\\\/www.invictus-selection.com\\\/incentive\\\/mentions-legales\\\/#breadcrumb\",\"itemListElement\":[{\"@type\":\"ListItem\",\"position\":1,\"name\":\"Accueil\",\"item\":\"https:\\\/\\\/www.invictus-selection.com\\\/incentive\\\/\"},{\"@type\":\"ListItem\",\"position\":2,\"name\":\"Mentions l\u00e9gales\"}]},{\"@type\":\"WebSite\",\"@id\":\"https:\\\/\\\/www.invictus-selection.com\\\/incentive\\\/#website\",\"url\":\"https:\\\/\\\/www.invictus-selection.com\\\/incentive\\\/\",\"name\":\"Invictus Corporate - Votre s\u00e9minaire \u00e0 La Carte\",\"description\":\"Organisation d&#039;\u00e9v\u00e8nements\",\"potentialAction\":[{\"@type\":\"SearchAction\",\"target\":{\"@type\":\"EntryPoint\",\"urlTemplate\":\"https:\\\/\\\/www.invictus-selection.com\\\/incentive\\\/?s={search_term_string}\"},\"query-input\":{\"@type\":\"PropertyValueSpecification\",\"valueRequired\":true,\"valueName\":\"search_term_string\"}}],\"inLanguage\":\"fr-FR\"}]}<\/script>\n<!-- \/ Yoast SEO plugin. -->","yoast_head_json":{"title":"Mentions l\u00e9gales - Invictus S\u00e9lection","robots":{"index":"index","follow":"follow","max-snippet":"max-snippet:-1","max-image-preview":"max-image-preview:large","max-video-preview":"max-video-preview:-1"},"canonical":"https:\/\/www.invictus-selection.com\/incentive\/mentions-legales\/","og_locale":"fr_FR","og_type":"article","og_title":"Mentions l\u00e9gales - Invictus S\u00e9lection","og_description":"Cr\u00e9dits EQUIPE EN CHARGE DU SITE INTERNETDirecteur de Invictus Corporate : M. Thierry H\u00e9raut CREDITS PHOTOS &amp; SOURCESCr\u00e9dits Photos : Invictus Corporate \/ Pixabay R\u00e9alisation du site :FG CONSULTING, Solutions Web. Mentions l\u00e9gales Editeur : Le site web www.invictus-selection.com est \u00e9dit\u00e9 par Invictus Corporate dont le si\u00e8ge social est au 226 boulevard Voltaire, 75011 Paris. [&hellip;]","og_url":"https:\/\/www.invictus-selection.com\/incentive\/mentions-legales\/","og_site_name":"Invictus S\u00e9lection","article_publisher":"https:\/\/www.facebook.com\/invictuscorporate\/","article_modified_time":"2023-06-06T13:12:19+00:00","twitter_card":"summary_large_image","twitter_misc":{"Dur\u00e9e de lecture estim\u00e9e":"5 minutes"},"schema":{"@context":"https:\/\/schema.org","@graph":[{"@type":"WebPage","@id":"https:\/\/www.invictus-selection.com\/incentive\/mentions-legales\/","url":"https:\/\/www.invictus-selection.com\/incentive\/mentions-legales\/","name":"Mentions l\u00e9gales - Invictus S\u00e9lection","isPartOf":{"@id":"https:\/\/www.invictus-selection.com\/incentive\/#website"},"datePublished":"2023-01-02T09:40:13+00:00","dateModified":"2023-06-06T13:12:19+00:00","breadcrumb":{"@id":"https:\/\/www.invictus-selection.com\/incentive\/mentions-legales\/#breadcrumb"},"inLanguage":"fr-FR","potentialAction":[{"@type":"ReadAction","target":["https:\/\/www.invictus-selection.com\/incentive\/mentions-legales\/"]}]},{"@type":"BreadcrumbList","@id":"https:\/\/www.invictus-selection.com\/incentive\/mentions-legales\/#breadcrumb","itemListElement":[{"@type":"ListItem","position":1,"name":"Accueil","item":"https:\/\/www.invictus-selection.com\/incentive\/"},{"@type":"ListItem","position":2,"name":"Mentions l\u00e9gales"}]},{"@type":"WebSite","@id":"https:\/\/www.invictus-selection.com\/incentive\/#website","url":"https:\/\/www.invictus-selection.com\/incentive\/","name":"Invictus Corporate - Votre s\u00e9minaire \u00e0 La Carte","description":"Organisation d&#039;\u00e9v\u00e8nements","potentialAction":[{"@type":"SearchAction","target":{"@type":"EntryPoint","urlTemplate":"https:\/\/www.invictus-selection.com\/incentive\/?s={search_term_string}"},"query-input":{"@type":"PropertyValueSpecification","valueRequired":true,"valueName":"search_term_string"}}],"inLanguage":"fr-FR"}]}},"_links":{"self":[{"href":"https:\/\/www.invictus-selection.com\/incentive\/wp-json\/wp\/v2\/pages\/1427","targetHints":{"allow":["GET"]}}],"collection":[{"href":"https:\/\/www.invictus-selection.com\/incentive\/wp-json\/wp\/v2\/pages"}],"about":[{"href":"https:\/\/www.invictus-selection.com\/incentive\/wp-json\/wp\/v2\/types\/page"}],"author":[{"embeddable":true,"href":"https:\/\/www.invictus-selection.com\/incentive\/wp-json\/wp\/v2\/users\/2"}],"replies":[{"embeddable":true,"href":"https:\/\/www.invictus-selection.com\/incentive\/wp-json\/wp\/v2\/comments?post=1427"}],"version-history":[{"count":3,"href":"https:\/\/www.invictus-selection.com\/incentive\/wp-json\/wp\/v2\/pages\/1427\/revisions"}],"predecessor-version":[{"id":1481,"href":"https:\/\/www.invictus-selection.com\/incentive\/wp-json\/wp\/v2\/pages\/1427\/revisions\/1481"}],"wp:attachment":[{"href":"https:\/\/www.invictus-selection.com\/incentive\/wp-json\/wp\/v2\/media?parent=1427"}],"curies":[{"name":"wp","href":"https:\/\/api.w.org\/{rel}","templated":true}]}}